{"id":244,"date":"2025-11-10T23:41:47","date_gmt":"2025-11-10T23:41:47","guid":{"rendered":"https:\/\/hub.hub.v4.santaficha.com.br\/?page_id=244"},"modified":"2026-03-10T03:54:32","modified_gmt":"2026-03-10T03:54:32","slug":"santa-totem","status":"publish","type":"page","link":"https:\/\/v4.santaficha.com.br\/index.php\/santa-totem\/","title":{"rendered":"SANTA TOTEM"},"content":{"rendered":"\t\t<div data-elementor-type=\"wp-page\" data-elementor-id=\"244\" class=\"elementor elementor-244\" data-elementor-post-type=\"page\">\n\t\t\t\t<div class=\"elementor-element elementor-element-656a961 e-flex e-con-boxed e-con e-parent\" data-id=\"656a961\" data-element_type=\"container\" data-e-type=\"container\" data-settings=\"{&quot;background_background&quot;:&quot;classic&quot;}\">\n\t\t\t\t\t<div class=\"e-con-inner\">\n\t\t<div class=\"elementor-element elementor-element-97ccf35 e-con-full e-flex e-con e-child\" data-id=\"97ccf35\" data-element_type=\"container\" data-e-type=\"container\">\n\t\t<div class=\"elementor-element elementor-element-228eb602 e-con-full e-flex e-con e-child\" data-id=\"228eb602\" data-element_type=\"container\" data-e-type=\"container\">\n\t\t<div class=\"elementor-element elementor-element-6f44568 e-con-full e-flex e-con e-child\" data-id=\"6f44568\" data-element_type=\"container\" data-e-type=\"container\">\n\t\t\t\t<div class=\"elementor-element elementor-element-fbe7b39 elementor-widget elementor-widget-text-editor\" data-id=\"fbe7b39\" data-element_type=\"widget\" data-e-type=\"widget\" data-widget_type=\"text-editor.default\">\n\t\t\t\t\t\t\t\t\t<p>Totem de Autoatendimento<\/p>\t\t\t\t\t\t\t\t<\/div>\n\t\t\t\t<\/div>\n\t\t\t\t<div class=\"elementor-element elementor-element-791fb5da elementor-invisible elementor-widget elementor-widget-heading\" data-id=\"791fb5da\" data-element_type=\"widget\" data-e-type=\"widget\" data-settings=\"{&quot;_animation&quot;:&quot;zoomIn&quot;,&quot;_animation_delay&quot;:0}\" data-widget_type=\"heading.default\">\n\t\t\t\t\t<h1 class=\"elementor-heading-title elementor-size-default\">Garanta agilidade e autonomia para o seu evento.<\/h1>\t\t\t\t<\/div>\n\t\t\t\t<div class=\"elementor-element elementor-element-fa8fcb4 elementor-widget elementor-widget-text-editor\" data-id=\"fa8fcb4\" data-element_type=\"widget\" data-e-type=\"widget\" data-widget_type=\"text-editor.default\">\n\t\t\t\t\t\t\t\t\t<p><span style=\"font-weight: 400;\">Otimize a opera\u00e7\u00e3o do seu evento e reduza custos com m\u00e3o de obra, oferecendo uma experi\u00eancia de compra moderna e sem atrito para o seu p\u00fablico.<\/span><\/p>\t\t\t\t\t\t\t\t<\/div>\n\t\t\t\t<div class=\"elementor-element elementor-element-f50aa4c elementor-mobile-align-center elementor-align-center elementor-invisible elementor-widget elementor-widget-button\" data-id=\"f50aa4c\" data-element_type=\"widget\" data-e-type=\"widget\" data-settings=\"{&quot;_animation&quot;:&quot;fadeInDown&quot;,&quot;_animation_delay&quot;:800}\" data-widget_type=\"button.default\">\n\t\t\t\t\t\t\t\t\t\t<a class=\"elementor-button elementor-button-link elementor-size-sm elementor-animation-shrink\" href=\"https:\/\/v4.santaficha.com.br\/index.php\/contato\/\" id=\"BOTAOTOTEM\">\n\t\t\t\t\t\t<span class=\"elementor-button-content-wrapper\">\n\t\t\t\t\t\t\t\t\t<span class=\"elementor-button-text\">FALE CONOSCO<\/span>\n\t\t\t\t\t<\/span>\n\t\t\t\t\t<\/a>\n\t\t\t\t\t\t\t\t<\/div>\n\t\t\t\t<\/div>\n\t\t\t\t<\/div>\n\t\t<div class=\"elementor-element elementor-element-ecc3783 e-con-full e-flex e-con e-child\" data-id=\"ecc3783\" data-element_type=\"container\" data-e-type=\"container\">\n\t\t\t\t<div class=\"elementor-element elementor-element-bd5c742 elementor-widget elementor-widget-image\" data-id=\"bd5c742\" data-element_type=\"widget\" data-e-type=\"widget\" data-widget_type=\"image.default\">\n\t\t\t\t\t\t\t\t\t\t\t\t\t\t\t<img fetchpriority=\"high\" decoding=\"async\" width=\"470\" height=\"1024\" src=\"https:\/\/v4.santaficha.com.br\/wp-content\/uploads\/2026\/03\/totem-470x1024.png\" class=\"attachment-large size-large wp-image-554\" alt=\"\" srcset=\"https:\/\/v4.santaficha.com.br\/wp-content\/uploads\/2026\/03\/totem-470x1024.png 470w, https:\/\/v4.santaficha.com.br\/wp-content\/uploads\/2026\/03\/totem-138x300.png 138w, https:\/\/v4.santaficha.com.br\/wp-content\/uploads\/2026\/03\/totem.png 471w\" sizes=\"(max-width: 470px) 100vw, 470px\" \/>\t\t\t\t\t\t\t\t\t\t\t\t\t\t\t<\/div>\n\t\t\t\t<\/div>\n\t\t\t\t\t<\/div>\n\t\t\t\t<\/div>\n\t\t<div class=\"elementor-element elementor-element-24f61603 e-flex e-con-boxed e-con e-parent\" data-id=\"24f61603\" data-element_type=\"container\" data-e-type=\"container\" data-settings=\"{&quot;background_background&quot;:&quot;classic&quot;}\">\n\t\t\t\t\t<div class=\"e-con-inner\">\n\t\t<div class=\"elementor-element elementor-element-3146bbdf e-con-full e-flex e-con e-child\" data-id=\"3146bbdf\" data-element_type=\"container\" data-e-type=\"container\">\n\t\t\t\t<div class=\"elementor-element elementor-element-ea29b65 elementor-widget elementor-widget-text-editor\" data-id=\"ea29b65\" data-element_type=\"widget\" data-e-type=\"widget\" data-widget_type=\"text-editor.default\">\n\t\t\t\t\t\t\t\t\t<p><span style=\"font-weight: 400;\">Os totens de autoatendimento da Santa Ficha s\u00e3o a solu\u00e7\u00e3o ideal para eventos que precisam de agilidade e autonomia. Eles funcionam como caixas de venda de fichas e recarga, permitindo que o p\u00fablico realize suas transa\u00e7\u00f5es de forma independente, sem depender de atendentes. Al\u00e9m de otimizar a opera\u00e7\u00e3o, os totens da Santa Ficha refor\u00e7am a imagem de <\/span><b>modernidade<\/b><span style=\"font-weight: 400;\"> e <\/span><b>tecnologia<\/b><span style=\"font-weight: 400;\"> do seu evento.<\/span><\/p>\t\t\t\t\t\t\t\t<\/div>\n\t\t\t\t<\/div>\n\t\t<div class=\"elementor-element elementor-element-157e8410 e-con-full e-flex elementor-invisible e-con e-child\" data-id=\"157e8410\" data-element_type=\"container\" data-e-type=\"container\" data-settings=\"{&quot;animation&quot;:&quot;fadeIn&quot;}\">\n\t\t<div class=\"elementor-element elementor-element-528d460a e-con-full e-flex e-con e-child\" data-id=\"528d460a\" data-element_type=\"container\" data-e-type=\"container\">\n\t\t<div class=\"elementor-element elementor-element-254f6116 e-con-full e-flex e-con e-child\" data-id=\"254f6116\" data-element_type=\"container\" data-e-type=\"container\">\n\t\t\t\t<div class=\"elementor-element elementor-element-3d27aaaf elementor-invisible elementor-widget elementor-widget-heading\" data-id=\"3d27aaaf\" data-element_type=\"widget\" data-e-type=\"widget\" data-settings=\"{&quot;_animation&quot;:&quot;fadeInDown&quot;,&quot;_animation_delay&quot;:400}\" data-widget_type=\"heading.default\">\n\t\t\t\t\t<h2 class=\"elementor-heading-title elementor-size-default\">Redu\u00e7\u00e3o de Custo<\/h2>\t\t\t\t<\/div>\n\t\t\t\t<\/div>\n\t\t<div class=\"elementor-element elementor-element-5073df16 e-con-full e-flex elementor-invisible e-con e-child\" data-id=\"5073df16\" data-element_type=\"container\" data-e-type=\"container\" data-settings=\"{&quot;animation&quot;:&quot;fadeInDown&quot;,&quot;animation_delay&quot;:800}\">\n\t\t<div class=\"elementor-element elementor-element-57a3f9f5 e-con-full e-flex e-con e-child\" data-id=\"57a3f9f5\" data-element_type=\"container\" data-e-type=\"container\">\n\t\t\t\t<div class=\"elementor-element elementor-element-5bcd4d32 elementor-widget elementor-widget-text-editor\" data-id=\"5bcd4d32\" data-element_type=\"widget\" data-e-type=\"widget\" data-widget_type=\"text-editor.default\">\n\t\t\t\t\t\t\t\t\t<p>Lucratividade<\/p>\t\t\t\t\t\t\t\t<\/div>\n\t\t\t\t<\/div>\n\t\t<div class=\"elementor-element elementor-element-769b5489 e-con-full e-flex e-con e-child\" data-id=\"769b5489\" data-element_type=\"container\" data-e-type=\"container\">\n\t\t\t\t<div class=\"elementor-element elementor-element-276bd109 elementor-widget elementor-widget-text-editor\" data-id=\"276bd109\" data-element_type=\"widget\" data-e-type=\"widget\" data-widget_type=\"text-editor.default\">\n\t\t\t\t\t\t\t\t\t<p>Facilidade<\/p>\t\t\t\t\t\t\t\t<\/div>\n\t\t\t\t<\/div>\n\t\t<div class=\"elementor-element elementor-element-432c2225 e-con-full e-flex e-con e-child\" data-id=\"432c2225\" data-element_type=\"container\" data-e-type=\"container\">\n\t\t\t\t<div class=\"elementor-element elementor-element-3289bd56 elementor-widget elementor-widget-text-editor\" data-id=\"3289bd56\" data-element_type=\"widget\" data-e-type=\"widget\" data-widget_type=\"text-editor.default\">\n\t\t\t\t\t\t\t\t\t<p>Seguran\u00e7a<\/p>\t\t\t\t\t\t\t\t<\/div>\n\t\t\t\t<\/div>\n\t\t\t\t<\/div>\n\t\t\t\t<div class=\"elementor-element elementor-element-44fedb18 elementor-widget-tablet__width-initial elementor-invisible elementor-widget elementor-widget-text-editor\" data-id=\"44fedb18\" data-element_type=\"widget\" data-e-type=\"widget\" data-settings=\"{&quot;_animation&quot;:&quot;fadeInDown&quot;,&quot;_animation_delay&quot;:500}\" data-widget_type=\"text-editor.default\">\n\t\t\t\t\t\t\t\t\t<p><span style=\"font-weight: 400;\">Diminua a necessidade de operadores de caixa e aloque sua equipe para fun\u00e7\u00f5es mais estrat\u00e9gicas.<\/span><\/p>\t\t\t\t\t\t\t\t<\/div>\n\t\t\t\t<\/div>\n\t\t<div class=\"elementor-element elementor-element-726d46ad e-con-full e-flex e-con e-child\" data-id=\"726d46ad\" data-element_type=\"container\" data-e-type=\"container\">\n\t\t\t\t<div class=\"elementor-element elementor-element-11e5661b elementor-invisible elementor-widget elementor-widget-heading\" data-id=\"11e5661b\" data-element_type=\"widget\" data-e-type=\"widget\" data-settings=\"{&quot;_animation&quot;:&quot;fadeInDown&quot;}\" data-widget_type=\"heading.default\">\n\t\t\t\t\t<h2 class=\"elementor-heading-title elementor-size-default\">01<\/h2>\t\t\t\t<\/div>\n\t\t\t\t<\/div>\n\t\t\t\t<\/div>\n\t\t<div class=\"elementor-element elementor-element-fda55a0 e-con-full e-flex elementor-invisible e-con e-child\" data-id=\"fda55a0\" data-element_type=\"container\" data-e-type=\"container\" data-settings=\"{&quot;animation&quot;:&quot;fadeIn&quot;}\">\n\t\t<div class=\"elementor-element elementor-element-14ef5e6 e-con-full e-flex e-con e-child\" data-id=\"14ef5e6\" data-element_type=\"container\" data-e-type=\"container\">\n\t\t\t\t<div class=\"elementor-element elementor-element-eab771d elementor-invisible elementor-widget elementor-widget-heading\" data-id=\"eab771d\" data-element_type=\"widget\" data-e-type=\"widget\" data-settings=\"{&quot;_animation&quot;:&quot;fadeInDown&quot;}\" data-widget_type=\"heading.default\">\n\t\t\t\t\t<h2 class=\"elementor-heading-title elementor-size-default\">02<\/h2>\t\t\t\t<\/div>\n\t\t\t\t<\/div>\n\t\t<div class=\"elementor-element elementor-element-9b8b8ab e-con-full e-flex e-con e-child\" data-id=\"9b8b8ab\" data-element_type=\"container\" data-e-type=\"container\">\n\t\t<div class=\"elementor-element elementor-element-8ba1e3d e-con-full e-flex e-con e-child\" data-id=\"8ba1e3d\" data-element_type=\"container\" data-e-type=\"container\">\n\t\t\t\t<div class=\"elementor-element elementor-element-19c9fa1 elementor-invisible elementor-widget elementor-widget-heading\" data-id=\"19c9fa1\" data-element_type=\"widget\" data-e-type=\"widget\" data-settings=\"{&quot;_animation&quot;:&quot;fadeInDown&quot;,&quot;_animation_delay&quot;:400}\" data-widget_type=\"heading.default\">\n\t\t\t\t\t<h2 class=\"elementor-heading-title elementor-size-default\">Disponibilidade 24\/7<\/h2>\t\t\t\t<\/div>\n\t\t\t\t<\/div>\n\t\t\t\t<div class=\"elementor-element elementor-element-10ed5c1 elementor-widget-tablet__width-initial elementor-invisible elementor-widget elementor-widget-text-editor\" data-id=\"10ed5c1\" data-element_type=\"widget\" data-e-type=\"widget\" data-settings=\"{&quot;_animation&quot;:&quot;fadeInDown&quot;,&quot;_animation_delay&quot;:500}\" data-widget_type=\"text-editor.default\">\n\t\t\t\t\t\t\t\t\t<p><span style=\"font-weight: 400;\">O totem funciona durante todo o evento, sem pausas, garantindo que a venda nunca pare.<\/span><\/p>\t\t\t\t\t\t\t\t<\/div>\n\t\t\t\t<\/div>\n\t\t\t\t<\/div>\n\t\t<div class=\"elementor-element elementor-element-a95d157 e-con-full e-flex elementor-invisible e-con e-child\" data-id=\"a95d157\" data-element_type=\"container\" data-e-type=\"container\" data-settings=\"{&quot;animation&quot;:&quot;fadeIn&quot;}\">\n\t\t<div class=\"elementor-element elementor-element-0e03de0 e-con-full e-flex e-con e-child\" data-id=\"0e03de0\" data-element_type=\"container\" data-e-type=\"container\">\n\t\t<div class=\"elementor-element elementor-element-6143738 e-con-full e-flex e-con e-child\" data-id=\"6143738\" data-element_type=\"container\" data-e-type=\"container\">\n\t\t\t\t<div class=\"elementor-element elementor-element-c80f2d4 elementor-invisible elementor-widget elementor-widget-heading\" data-id=\"c80f2d4\" data-element_type=\"widget\" data-e-type=\"widget\" data-settings=\"{&quot;_animation&quot;:&quot;fadeInDown&quot;,&quot;_animation_delay&quot;:400}\" data-widget_type=\"heading.default\">\n\t\t\t\t\t<h2 class=\"elementor-heading-title elementor-size-default\">Experi\u00eancia sem Fila<\/h2>\t\t\t\t<\/div>\n\t\t\t\t<\/div>\n\t\t\t\t<div class=\"elementor-element elementor-element-68a5527 elementor-widget-tablet__width-initial elementor-invisible elementor-widget elementor-widget-text-editor\" data-id=\"68a5527\" data-element_type=\"widget\" data-e-type=\"widget\" data-settings=\"{&quot;_animation&quot;:&quot;fadeInDown&quot;,&quot;_animation_delay&quot;:500}\" data-widget_type=\"text-editor.default\">\n\t\t\t\t\t\t\t\t\t<p><span style=\"font-weight: 400;\">O autoatendimento agiliza o fluxo de pessoas, tornando a experi\u00eancia de consumo mais agrad\u00e1vel para o p\u00fablico.<\/span><\/p>\t\t\t\t\t\t\t\t<\/div>\n\t\t\t\t<\/div>\n\t\t<div class=\"elementor-element elementor-element-1948990 e-con-full e-flex e-con e-child\" data-id=\"1948990\" data-element_type=\"container\" data-e-type=\"container\">\n\t\t\t\t<div class=\"elementor-element elementor-element-d7683f4 elementor-invisible elementor-widget elementor-widget-heading\" data-id=\"d7683f4\" data-element_type=\"widget\" data-e-type=\"widget\" data-settings=\"{&quot;_animation&quot;:&quot;fadeInDown&quot;}\" data-widget_type=\"heading.default\">\n\t\t\t\t\t<h2 class=\"elementor-heading-title elementor-size-default\">03<\/h2>\t\t\t\t<\/div>\n\t\t\t\t<\/div>\n\t\t\t\t<\/div>\n\t\t\t\t\t<\/div>\n\t\t\t\t<\/div>\n\t\t\t\t<\/div>\n\t\t","protected":false},"excerpt":{"rendered":"<p>Totem de Autoatendimento Garanta agilidade e autonomia para o seu evento. Otimize a opera\u00e7\u00e3o do seu evento e reduza custos com m\u00e3o de obra, oferecendo uma experi\u00eancia de compra moderna e sem atrito para o seu p\u00fablico. FALE CONOSCO Os totens de autoatendimento da Santa Ficha s\u00e3o a solu\u00e7\u00e3o ideal para eventos que precisam de [&hellip;]<\/p>\n","protected":false},"author":1,"featured_media":0,"parent":0,"menu_order":0,"comment_status":"closed","ping_status":"closed","template":"","meta":{"footnotes":""},"class_list":["post-244","page","type-page","status-publish","hentry"],"yoast_head":"<!-- This site is optimized with the Yoast SEO plugin v27.4 - https:\/\/yoast.com\/product\/yoast-seo-wordpress\/ -->\n<title>SANTA TOTEM - Santa Ficha<\/title>\n<meta name=\"robots\" content=\"index, follow, max-snippet:-1, max-image-preview:large, max-video-preview:-1\" \/>\n<link rel=\"canonical\" href=\"https:\/\/v4.santaficha.com.br\/index.php\/santa-totem\/\" \/>\n<meta property=\"og:locale\" content=\"pt_BR\" \/>\n<meta property=\"og:type\" content=\"article\" \/>\n<meta property=\"og:title\" content=\"SANTA TOTEM - Santa Ficha\" \/>\n<meta property=\"og:description\" content=\"Totem de Autoatendimento Garanta agilidade e autonomia para o seu evento. Otimize a opera\u00e7\u00e3o do seu evento e reduza custos com m\u00e3o de obra, oferecendo uma experi\u00eancia de compra moderna e sem atrito para o seu p\u00fablico. FALE CONOSCO Os totens de autoatendimento da Santa Ficha s\u00e3o a solu\u00e7\u00e3o ideal para eventos que precisam de [&hellip;]\" \/>\n<meta property=\"og:url\" content=\"https:\/\/v4.santaficha.com.br\/index.php\/santa-totem\/\" \/>\n<meta property=\"og:site_name\" content=\"Santa Ficha\" \/>\n<meta property=\"article:modified_time\" content=\"2026-03-10T03:54:32+00:00\" \/>\n<meta property=\"og:image\" content=\"https:\/\/v4.santaficha.com.br\/wp-content\/uploads\/2026\/03\/totem.png\" \/>\n\t<meta property=\"og:image:width\" content=\"471\" \/>\n\t<meta property=\"og:image:height\" content=\"1026\" \/>\n\t<meta property=\"og:image:type\" content=\"image\/png\" \/>\n<meta name=\"twitter:card\" content=\"summary_large_image\" \/>\n<meta name=\"twitter:label1\" content=\"Est. tempo de leitura\" \/>\n\t<meta name=\"twitter:data1\" content=\"1 minuto\" \/>\n<script type=\"application\/ld+json\" class=\"yoast-schema-graph\">{\"@context\":\"https:\\\/\\\/schema.org\",\"@graph\":[{\"@type\":\"WebPage\",\"@id\":\"https:\\\/\\\/v4.santaficha.com.br\\\/index.php\\\/santa-totem\\\/\",\"url\":\"https:\\\/\\\/v4.santaficha.com.br\\\/index.php\\\/santa-totem\\\/\",\"name\":\"SANTA TOTEM - Santa Ficha\",\"isPartOf\":{\"@id\":\"https:\\\/\\\/v4.santaficha.com.br\\\/#website\"},\"primaryImageOfPage\":{\"@id\":\"https:\\\/\\\/v4.santaficha.com.br\\\/index.php\\\/santa-totem\\\/#primaryimage\"},\"image\":{\"@id\":\"https:\\\/\\\/v4.santaficha.com.br\\\/index.php\\\/santa-totem\\\/#primaryimage\"},\"thumbnailUrl\":\"https:\\\/\\\/v4.santaficha.com.br\\\/wp-content\\\/uploads\\\/2026\\\/03\\\/totem-470x1024.png\",\"datePublished\":\"2025-11-10T23:41:47+00:00\",\"dateModified\":\"2026-03-10T03:54:32+00:00\",\"breadcrumb\":{\"@id\":\"https:\\\/\\\/v4.santaficha.com.br\\\/index.php\\\/santa-totem\\\/#breadcrumb\"},\"inLanguage\":\"pt-BR\",\"potentialAction\":[{\"@type\":\"ReadAction\",\"target\":[\"https:\\\/\\\/v4.santaficha.com.br\\\/index.php\\\/santa-totem\\\/\"]}]},{\"@type\":\"ImageObject\",\"inLanguage\":\"pt-BR\",\"@id\":\"https:\\\/\\\/v4.santaficha.com.br\\\/index.php\\\/santa-totem\\\/#primaryimage\",\"url\":\"https:\\\/\\\/v4.santaficha.com.br\\\/wp-content\\\/uploads\\\/2026\\\/03\\\/totem.png\",\"contentUrl\":\"https:\\\/\\\/v4.santaficha.com.br\\\/wp-content\\\/uploads\\\/2026\\\/03\\\/totem.png\",\"width\":471,\"height\":1026},{\"@type\":\"BreadcrumbList\",\"@id\":\"https:\\\/\\\/v4.santaficha.com.br\\\/index.php\\\/santa-totem\\\/#breadcrumb\",\"itemListElement\":[{\"@type\":\"ListItem\",\"position\":1,\"name\":\"In\u00edcio\",\"item\":\"https:\\\/\\\/v4.santaficha.com.br\\\/\"},{\"@type\":\"ListItem\",\"position\":2,\"name\":\"SANTA TOTEM\"}]},{\"@type\":\"WebSite\",\"@id\":\"https:\\\/\\\/v4.santaficha.com.br\\\/#website\",\"url\":\"https:\\\/\\\/v4.santaficha.com.br\\\/\",\"name\":\"Santa Ficha\",\"description\":\"Controle de Ficha Eventos \u2014 Emiss\u00e3o de fichas r\u00e1pida e gest\u00e3o otimizada com TEF dedicado para estabilidade total.\",\"potentialAction\":[{\"@type\":\"SearchAction\",\"target\":{\"@type\":\"EntryPoint\",\"urlTemplate\":\"https:\\\/\\\/v4.santaficha.com.br\\\/?s={search_term_string}\"},\"query-input\":{\"@type\":\"PropertyValueSpecification\",\"valueRequired\":true,\"valueName\":\"search_term_string\"}}],\"inLanguage\":\"pt-BR\"}]}<\/script>\n<!-- \/ Yoast SEO plugin. -->","yoast_head_json":{"title":"SANTA TOTEM - Santa Ficha","robots":{"index":"index","follow":"follow","max-snippet":"max-snippet:-1","max-image-preview":"max-image-preview:large","max-video-preview":"max-video-preview:-1"},"canonical":"https:\/\/v4.santaficha.com.br\/index.php\/santa-totem\/","og_locale":"pt_BR","og_type":"article","og_title":"SANTA TOTEM - Santa Ficha","og_description":"Totem de Autoatendimento Garanta agilidade e autonomia para o seu evento. Otimize a opera\u00e7\u00e3o do seu evento e reduza custos com m\u00e3o de obra, oferecendo uma experi\u00eancia de compra moderna e sem atrito para o seu p\u00fablico. FALE CONOSCO Os totens de autoatendimento da Santa Ficha s\u00e3o a solu\u00e7\u00e3o ideal para eventos que precisam de [&hellip;]","og_url":"https:\/\/v4.santaficha.com.br\/index.php\/santa-totem\/","og_site_name":"Santa Ficha","article_modified_time":"2026-03-10T03:54:32+00:00","og_image":[{"width":471,"height":1026,"url":"https:\/\/v4.santaficha.com.br\/wp-content\/uploads\/2026\/03\/totem.png","type":"image\/png"}],"twitter_card":"summary_large_image","twitter_misc":{"Est. tempo de leitura":"1 minuto"},"schema":{"@context":"https:\/\/schema.org","@graph":[{"@type":"WebPage","@id":"https:\/\/v4.santaficha.com.br\/index.php\/santa-totem\/","url":"https:\/\/v4.santaficha.com.br\/index.php\/santa-totem\/","name":"SANTA TOTEM - Santa Ficha","isPartOf":{"@id":"https:\/\/v4.santaficha.com.br\/#website"},"primaryImageOfPage":{"@id":"https:\/\/v4.santaficha.com.br\/index.php\/santa-totem\/#primaryimage"},"image":{"@id":"https:\/\/v4.santaficha.com.br\/index.php\/santa-totem\/#primaryimage"},"thumbnailUrl":"https:\/\/v4.santaficha.com.br\/wp-content\/uploads\/2026\/03\/totem-470x1024.png","datePublished":"2025-11-10T23:41:47+00:00","dateModified":"2026-03-10T03:54:32+00:00","breadcrumb":{"@id":"https:\/\/v4.santaficha.com.br\/index.php\/santa-totem\/#breadcrumb"},"inLanguage":"pt-BR","potentialAction":[{"@type":"ReadAction","target":["https:\/\/v4.santaficha.com.br\/index.php\/santa-totem\/"]}]},{"@type":"ImageObject","inLanguage":"pt-BR","@id":"https:\/\/v4.santaficha.com.br\/index.php\/santa-totem\/#primaryimage","url":"https:\/\/v4.santaficha.com.br\/wp-content\/uploads\/2026\/03\/totem.png","contentUrl":"https:\/\/v4.santaficha.com.br\/wp-content\/uploads\/2026\/03\/totem.png","width":471,"height":1026},{"@type":"BreadcrumbList","@id":"https:\/\/v4.santaficha.com.br\/index.php\/santa-totem\/#breadcrumb","itemListElement":[{"@type":"ListItem","position":1,"name":"In\u00edcio","item":"https:\/\/v4.santaficha.com.br\/"},{"@type":"ListItem","position":2,"name":"SANTA TOTEM"}]},{"@type":"WebSite","@id":"https:\/\/v4.santaficha.com.br\/#website","url":"https:\/\/v4.santaficha.com.br\/","name":"Santa Ficha","description":"Controle de Ficha Eventos \u2014 Emiss\u00e3o de fichas r\u00e1pida e gest\u00e3o otimizada com TEF dedicado para estabilidade total.","potentialAction":[{"@type":"SearchAction","target":{"@type":"EntryPoint","urlTemplate":"https:\/\/v4.santaficha.com.br\/?s={search_term_string}"},"query-input":{"@type":"PropertyValueSpecification","valueRequired":true,"valueName":"search_term_string"}}],"inLanguage":"pt-BR"}]}},"_links":{"self":[{"href":"https:\/\/v4.santaficha.com.br\/index.php\/wp-json\/wp\/v2\/pages\/244","targetHints":{"allow":["GET"]}}],"collection":[{"href":"https:\/\/v4.santaficha.com.br\/index.php\/wp-json\/wp\/v2\/pages"}],"about":[{"href":"https:\/\/v4.santaficha.com.br\/index.php\/wp-json\/wp\/v2\/types\/page"}],"author":[{"embeddable":true,"href":"https:\/\/v4.santaficha.com.br\/index.php\/wp-json\/wp\/v2\/users\/1"}],"replies":[{"embeddable":true,"href":"https:\/\/v4.santaficha.com.br\/index.php\/wp-json\/wp\/v2\/comments?post=244"}],"version-history":[{"count":35,"href":"https:\/\/v4.santaficha.com.br\/index.php\/wp-json\/wp\/v2\/pages\/244\/revisions"}],"predecessor-version":[{"id":560,"href":"https:\/\/v4.santaficha.com.br\/index.php\/wp-json\/wp\/v2\/pages\/244\/revisions\/560"}],"wp:attachment":[{"href":"https:\/\/v4.santaficha.com.br\/index.php\/wp-json\/wp\/v2\/media?parent=244"}],"curies":[{"name":"wp","href":"https:\/\/api.w.org\/{rel}","templated":true}]}}