{"id":275,"date":"2025-11-10T23:53:15","date_gmt":"2025-11-10T23:53:15","guid":{"rendered":"https:\/\/hub.hub.v4.santaficha.com.br\/?page_id=275"},"modified":"2026-02-25T18:55:21","modified_gmt":"2026-02-25T18:55:21","slug":"ticket-bless","status":"publish","type":"page","link":"https:\/\/v4.santaficha.com.br\/index.php\/ticket-bless\/","title":{"rendered":"TICKET BLESS"},"content":{"rendered":"\t\t<div data-elementor-type=\"wp-page\" data-elementor-id=\"275\" class=\"elementor elementor-275\" data-elementor-post-type=\"page\">\n\t\t\t\t<div class=\"elementor-element elementor-element-27783492 e-flex e-con-boxed e-con e-parent\" data-id=\"27783492\" data-element_type=\"container\" data-e-type=\"container\" data-settings=\"{&quot;background_background&quot;:&quot;classic&quot;}\">\n\t\t\t\t\t<div class=\"e-con-inner\">\n\t\t<div class=\"elementor-element elementor-element-228eb602 e-con-full e-flex e-con e-child\" data-id=\"228eb602\" data-element_type=\"container\" data-e-type=\"container\">\n\t\t\t\t<div class=\"elementor-element elementor-element-791fb5da elementor-invisible elementor-widget elementor-widget-heading\" data-id=\"791fb5da\" data-element_type=\"widget\" data-e-type=\"widget\" data-settings=\"{&quot;_animation&quot;:&quot;zoomIn&quot;,&quot;_animation_delay&quot;:0}\" data-widget_type=\"heading.default\">\n\t\t\t\t\t<h1 class=\"elementor-heading-title elementor-size-default\">O cora\u00e7\u00e3o da opera\u00e7\u00e3o do seu evento: os TERMINAIS DE VENDA da Santa Ficha.<\/h1>\t\t\t\t<\/div>\n\t\t\t\t<div class=\"elementor-element elementor-element-fa8fcb4 elementor-widget elementor-widget-text-editor\" data-id=\"fa8fcb4\" data-element_type=\"widget\" data-e-type=\"widget\" data-widget_type=\"text-editor.default\">\n\t\t\t\t\t\t\t\t\t<div>A solu\u00e7\u00e3o completa para gest\u00e3o de eventos e venda de ingressos. Emita tickets na bilheteria e venda online pelo seu pr\u00f3prio site, com seguran\u00e7a, velocidade e controle em um s\u00f3 sistema.<\/div>\t\t\t\t\t\t\t\t<\/div>\n\t\t\t\t<div class=\"elementor-element elementor-element-f50aa4c elementor-mobile-align-center elementor-align-center elementor-invisible elementor-widget elementor-widget-button\" data-id=\"f50aa4c\" data-element_type=\"widget\" data-e-type=\"widget\" data-settings=\"{&quot;_animation&quot;:&quot;fadeInDown&quot;,&quot;_animation_delay&quot;:800}\" data-widget_type=\"button.default\">\n\t\t\t\t\t\t\t\t\t\t<a class=\"elementor-button elementor-button-link elementor-size-sm elementor-animation-shrink\" href=\"#\" id=\"BOTAOCASHLESS\">\n\t\t\t\t\t\t<span class=\"elementor-button-content-wrapper\">\n\t\t\t\t\t\t\t\t\t<span class=\"elementor-button-text\">FALE CONOSCO<\/span>\n\t\t\t\t\t<\/span>\n\t\t\t\t\t<\/a>\n\t\t\t\t\t\t\t\t<\/div>\n\t\t\t\t<\/div>\n\t\t\t\t\t<\/div>\n\t\t\t\t<\/div>\n\t\t<div class=\"elementor-element elementor-element-24f61603 e-flex e-con-boxed e-con e-parent\" data-id=\"24f61603\" data-element_type=\"container\" data-e-type=\"container\" data-settings=\"{&quot;background_background&quot;:&quot;classic&quot;}\">\n\t\t\t\t\t<div class=\"e-con-inner\">\n\t\t<div class=\"elementor-element elementor-element-3146bbdf e-con-full e-flex e-con e-child\" data-id=\"3146bbdf\" data-element_type=\"container\" data-e-type=\"container\">\n\t\t\t\t<div class=\"elementor-element elementor-element-ea29b65 elementor-widget elementor-widget-text-editor\" data-id=\"ea29b65\" data-element_type=\"widget\" data-e-type=\"widget\" data-widget_type=\"text-editor.default\">\n\t\t\t\t\t\t\t\t\t<p><span style=\"font-weight: 400;\">Apresente as maquininhas como a espinha dorsal da opera\u00e7\u00e3o, destacando que elas funcionam offline e que a tecnologia propriet\u00e1ria garante a estabilidade mesmo em ambientes de alto fluxo. Elas s\u00e3o a sua garantia de que o evento &#8220;vai rodar liso&#8221;.<\/span><\/p>\t\t\t\t\t\t\t\t<\/div>\n\t\t\t\t<\/div>\n\t\t<div class=\"elementor-element elementor-element-157e8410 e-con-full e-flex elementor-invisible e-con e-child\" data-id=\"157e8410\" data-element_type=\"container\" data-e-type=\"container\" data-settings=\"{&quot;animation&quot;:&quot;fadeIn&quot;}\">\n\t\t<div class=\"elementor-element elementor-element-528d460a e-con-full e-flex e-con e-child\" data-id=\"528d460a\" data-element_type=\"container\" data-e-type=\"container\">\n\t\t<div class=\"elementor-element elementor-element-254f6116 e-con-full e-flex e-con e-child\" data-id=\"254f6116\" data-element_type=\"container\" data-e-type=\"container\">\n\t\t\t\t<div class=\"elementor-element elementor-element-3d27aaaf elementor-invisible elementor-widget elementor-widget-heading\" data-id=\"3d27aaaf\" data-element_type=\"widget\" data-e-type=\"widget\" data-settings=\"{&quot;_animation&quot;:&quot;fadeInDown&quot;,&quot;_animation_delay&quot;:400}\" data-widget_type=\"heading.default\">\n\t\t\t\t\t<h2 class=\"elementor-heading-title elementor-size-default\">Impress\u00e3o de fichas<\/h2>\t\t\t\t<\/div>\n\t\t\t\t<\/div>\n\t\t\t\t<\/div>\n\t\t<div class=\"elementor-element elementor-element-726d46ad e-con-full e-flex e-con e-child\" data-id=\"726d46ad\" data-element_type=\"container\" data-e-type=\"container\">\n\t\t\t\t<div class=\"elementor-element elementor-element-11e5661b elementor-invisible elementor-widget elementor-widget-heading\" data-id=\"11e5661b\" data-element_type=\"widget\" data-e-type=\"widget\" data-settings=\"{&quot;_animation&quot;:&quot;fadeInDown&quot;}\" data-widget_type=\"heading.default\">\n\t\t\t\t\t<h2 class=\"elementor-heading-title elementor-size-default\">01<\/h2>\t\t\t\t<\/div>\n\t\t\t\t<\/div>\n\t\t\t\t<\/div>\n\t\t<div class=\"elementor-element elementor-element-fda55a0 e-con-full e-flex elementor-invisible e-con e-child\" data-id=\"fda55a0\" data-element_type=\"container\" data-e-type=\"container\" data-settings=\"{&quot;animation&quot;:&quot;fadeIn&quot;}\">\n\t\t<div class=\"elementor-element elementor-element-14ef5e6 e-con-full e-flex e-con e-child\" data-id=\"14ef5e6\" data-element_type=\"container\" data-e-type=\"container\">\n\t\t\t\t<div class=\"elementor-element elementor-element-eab771d elementor-invisible elementor-widget elementor-widget-heading\" data-id=\"eab771d\" data-element_type=\"widget\" data-e-type=\"widget\" data-settings=\"{&quot;_animation&quot;:&quot;fadeInDown&quot;}\" data-widget_type=\"heading.default\">\n\t\t\t\t\t<h2 class=\"elementor-heading-title elementor-size-default\">02<\/h2>\t\t\t\t<\/div>\n\t\t\t\t<\/div>\n\t\t<div class=\"elementor-element elementor-element-9b8b8ab e-con-full e-flex e-con e-child\" data-id=\"9b8b8ab\" data-element_type=\"container\" data-e-type=\"container\">\n\t\t<div class=\"elementor-element elementor-element-8ba1e3d e-con-full e-flex e-con e-child\" data-id=\"8ba1e3d\" data-element_type=\"container\" data-e-type=\"container\">\n\t\t\t\t<div class=\"elementor-element elementor-element-19c9fa1 elementor-invisible elementor-widget elementor-widget-heading\" data-id=\"19c9fa1\" data-element_type=\"widget\" data-e-type=\"widget\" data-settings=\"{&quot;_animation&quot;:&quot;fadeInDown&quot;,&quot;_animation_delay&quot;:400}\" data-widget_type=\"heading.default\">\n\t\t\t\t\t<h2 class=\"elementor-heading-title elementor-size-default\">Aceita Pix, d\u00e9bito e cr\u00e9dito<\/h2>\t\t\t\t<\/div>\n\t\t\t\t<\/div>\n\t\t\t\t<\/div>\n\t\t\t\t<\/div>\n\t\t<div class=\"elementor-element elementor-element-a95d157 e-con-full e-flex elementor-invisible e-con e-child\" data-id=\"a95d157\" data-element_type=\"container\" data-e-type=\"container\" data-settings=\"{&quot;animation&quot;:&quot;fadeIn&quot;}\">\n\t\t<div class=\"elementor-element elementor-element-0e03de0 e-con-full e-flex e-con e-child\" data-id=\"0e03de0\" data-element_type=\"container\" data-e-type=\"container\">\n\t\t<div class=\"elementor-element elementor-element-6143738 e-con-full e-flex e-con e-child\" data-id=\"6143738\" data-element_type=\"container\" data-e-type=\"container\">\n\t\t\t\t<div class=\"elementor-element elementor-element-c80f2d4 elementor-invisible elementor-widget elementor-widget-heading\" data-id=\"c80f2d4\" data-element_type=\"widget\" data-e-type=\"widget\" data-settings=\"{&quot;_animation&quot;:&quot;fadeInDown&quot;,&quot;_animation_delay&quot;:400}\" data-widget_type=\"heading.default\">\n\t\t\t\t\t<h2 class=\"elementor-heading-title elementor-size-default\">Integra\u00e7\u00e3o total com os relat\u00f3rios em tempo real\n<\/h2>\t\t\t\t<\/div>\n\t\t\t\t<\/div>\n\t\t\t\t<\/div>\n\t\t<div class=\"elementor-element elementor-element-1948990 e-con-full e-flex e-con e-child\" data-id=\"1948990\" data-element_type=\"container\" data-e-type=\"container\">\n\t\t\t\t<div class=\"elementor-element elementor-element-d7683f4 elementor-invisible elementor-widget elementor-widget-heading\" data-id=\"d7683f4\" data-element_type=\"widget\" data-e-type=\"widget\" data-settings=\"{&quot;_animation&quot;:&quot;fadeInDown&quot;}\" data-widget_type=\"heading.default\">\n\t\t\t\t\t<h2 class=\"elementor-heading-title elementor-size-default\">03<\/h2>\t\t\t\t<\/div>\n\t\t\t\t<\/div>\n\t\t\t\t<\/div>\n\t\t\t\t\t<\/div>\n\t\t\t\t<\/div>\n\t\t\t\t<\/div>\n\t\t","protected":false},"excerpt":{"rendered":"<p>O cora\u00e7\u00e3o da opera\u00e7\u00e3o do seu evento: os TERMINAIS DE VENDA da Santa Ficha. A solu\u00e7\u00e3o completa para gest\u00e3o de eventos e venda de ingressos. Emita tickets na bilheteria e venda online pelo seu pr\u00f3prio site, com seguran\u00e7a, velocidade e controle em um s\u00f3 sistema. FALE CONOSCO Apresente as maquininhas como a espinha dorsal da [&hellip;]<\/p>\n","protected":false},"author":1,"featured_media":0,"parent":0,"menu_order":0,"comment_status":"closed","ping_status":"closed","template":"","meta":{"footnotes":""},"class_list":["post-275","page","type-page","status-publish","hentry"],"yoast_head":"<!-- This site is optimized with the Yoast SEO plugin v27.5 - https:\/\/yoast.com\/product\/yoast-seo-wordpress\/ -->\n<title>TICKET BLESS - Santa Ficha<\/title>\n<meta name=\"robots\" content=\"index, follow, max-snippet:-1, max-image-preview:large, max-video-preview:-1\" \/>\n<link rel=\"canonical\" href=\"https:\/\/v4.santaficha.com.br\/index.php\/ticket-bless\/\" \/>\n<meta property=\"og:locale\" content=\"pt_BR\" \/>\n<meta property=\"og:type\" content=\"article\" \/>\n<meta property=\"og:title\" content=\"TICKET BLESS - Santa Ficha\" \/>\n<meta property=\"og:description\" content=\"O cora\u00e7\u00e3o da opera\u00e7\u00e3o do seu evento: os TERMINAIS DE VENDA da Santa Ficha. A solu\u00e7\u00e3o completa para gest\u00e3o de eventos e venda de ingressos. Emita tickets na bilheteria e venda online pelo seu pr\u00f3prio site, com seguran\u00e7a, velocidade e controle em um s\u00f3 sistema. FALE CONOSCO Apresente as maquininhas como a espinha dorsal da [&hellip;]\" \/>\n<meta property=\"og:url\" content=\"https:\/\/v4.santaficha.com.br\/index.php\/ticket-bless\/\" \/>\n<meta property=\"og:site_name\" content=\"Santa Ficha\" \/>\n<meta property=\"article:modified_time\" content=\"2026-02-25T18:55:21+00:00\" \/>\n<meta name=\"twitter:card\" content=\"summary_large_image\" \/>\n<meta name=\"twitter:label1\" content=\"Est. tempo de leitura\" \/>\n\t<meta name=\"twitter:data1\" content=\"1 minuto\" \/>\n<script type=\"application\/ld+json\" class=\"yoast-schema-graph\">{\"@context\":\"https:\\\/\\\/schema.org\",\"@graph\":[{\"@type\":\"WebPage\",\"@id\":\"https:\\\/\\\/v4.santaficha.com.br\\\/index.php\\\/ticket-bless\\\/\",\"url\":\"https:\\\/\\\/v4.santaficha.com.br\\\/index.php\\\/ticket-bless\\\/\",\"name\":\"TICKET BLESS - Santa Ficha\",\"isPartOf\":{\"@id\":\"https:\\\/\\\/v4.santaficha.com.br\\\/#website\"},\"datePublished\":\"2025-11-10T23:53:15+00:00\",\"dateModified\":\"2026-02-25T18:55:21+00:00\",\"breadcrumb\":{\"@id\":\"https:\\\/\\\/v4.santaficha.com.br\\\/index.php\\\/ticket-bless\\\/#breadcrumb\"},\"inLanguage\":\"pt-BR\",\"potentialAction\":[{\"@type\":\"ReadAction\",\"target\":[\"https:\\\/\\\/v4.santaficha.com.br\\\/index.php\\\/ticket-bless\\\/\"]}]},{\"@type\":\"BreadcrumbList\",\"@id\":\"https:\\\/\\\/v4.santaficha.com.br\\\/index.php\\\/ticket-bless\\\/#breadcrumb\",\"itemListElement\":[{\"@type\":\"ListItem\",\"position\":1,\"name\":\"In\u00edcio\",\"item\":\"https:\\\/\\\/v4.santaficha.com.br\\\/\"},{\"@type\":\"ListItem\",\"position\":2,\"name\":\"TICKET BLESS\"}]},{\"@type\":\"WebSite\",\"@id\":\"https:\\\/\\\/v4.santaficha.com.br\\\/#website\",\"url\":\"https:\\\/\\\/v4.santaficha.com.br\\\/\",\"name\":\"Santa Ficha\",\"description\":\"Controle de Ficha Eventos \u2014 Emiss\u00e3o de fichas r\u00e1pida e gest\u00e3o otimizada com TEF dedicado para estabilidade total.\",\"potentialAction\":[{\"@type\":\"SearchAction\",\"target\":{\"@type\":\"EntryPoint\",\"urlTemplate\":\"https:\\\/\\\/v4.santaficha.com.br\\\/?s={search_term_string}\"},\"query-input\":{\"@type\":\"PropertyValueSpecification\",\"valueRequired\":true,\"valueName\":\"search_term_string\"}}],\"inLanguage\":\"pt-BR\"}]}<\/script>\n<!-- \/ Yoast SEO plugin. -->","yoast_head_json":{"title":"TICKET BLESS - Santa Ficha","robots":{"index":"index","follow":"follow","max-snippet":"max-snippet:-1","max-image-preview":"max-image-preview:large","max-video-preview":"max-video-preview:-1"},"canonical":"https:\/\/v4.santaficha.com.br\/index.php\/ticket-bless\/","og_locale":"pt_BR","og_type":"article","og_title":"TICKET BLESS - Santa Ficha","og_description":"O cora\u00e7\u00e3o da opera\u00e7\u00e3o do seu evento: os TERMINAIS DE VENDA da Santa Ficha. A solu\u00e7\u00e3o completa para gest\u00e3o de eventos e venda de ingressos. Emita tickets na bilheteria e venda online pelo seu pr\u00f3prio site, com seguran\u00e7a, velocidade e controle em um s\u00f3 sistema. FALE CONOSCO Apresente as maquininhas como a espinha dorsal da [&hellip;]","og_url":"https:\/\/v4.santaficha.com.br\/index.php\/ticket-bless\/","og_site_name":"Santa Ficha","article_modified_time":"2026-02-25T18:55:21+00:00","twitter_card":"summary_large_image","twitter_misc":{"Est. tempo de leitura":"1 minuto"},"schema":{"@context":"https:\/\/schema.org","@graph":[{"@type":"WebPage","@id":"https:\/\/v4.santaficha.com.br\/index.php\/ticket-bless\/","url":"https:\/\/v4.santaficha.com.br\/index.php\/ticket-bless\/","name":"TICKET BLESS - Santa Ficha","isPartOf":{"@id":"https:\/\/v4.santaficha.com.br\/#website"},"datePublished":"2025-11-10T23:53:15+00:00","dateModified":"2026-02-25T18:55:21+00:00","breadcrumb":{"@id":"https:\/\/v4.santaficha.com.br\/index.php\/ticket-bless\/#breadcrumb"},"inLanguage":"pt-BR","potentialAction":[{"@type":"ReadAction","target":["https:\/\/v4.santaficha.com.br\/index.php\/ticket-bless\/"]}]},{"@type":"BreadcrumbList","@id":"https:\/\/v4.santaficha.com.br\/index.php\/ticket-bless\/#breadcrumb","itemListElement":[{"@type":"ListItem","position":1,"name":"In\u00edcio","item":"https:\/\/v4.santaficha.com.br\/"},{"@type":"ListItem","position":2,"name":"TICKET BLESS"}]},{"@type":"WebSite","@id":"https:\/\/v4.santaficha.com.br\/#website","url":"https:\/\/v4.santaficha.com.br\/","name":"Santa Ficha","description":"Controle de Ficha Eventos \u2014 Emiss\u00e3o de fichas r\u00e1pida e gest\u00e3o otimizada com TEF dedicado para estabilidade total.","potentialAction":[{"@type":"SearchAction","target":{"@type":"EntryPoint","urlTemplate":"https:\/\/v4.santaficha.com.br\/?s={search_term_string}"},"query-input":{"@type":"PropertyValueSpecification","valueRequired":true,"valueName":"search_term_string"}}],"inLanguage":"pt-BR"}]}},"_links":{"self":[{"href":"https:\/\/v4.santaficha.com.br\/index.php\/wp-json\/wp\/v2\/pages\/275","targetHints":{"allow":["GET"]}}],"collection":[{"href":"https:\/\/v4.santaficha.com.br\/index.php\/wp-json\/wp\/v2\/pages"}],"about":[{"href":"https:\/\/v4.santaficha.com.br\/index.php\/wp-json\/wp\/v2\/types\/page"}],"author":[{"embeddable":true,"href":"https:\/\/v4.santaficha.com.br\/index.php\/wp-json\/wp\/v2\/users\/1"}],"replies":[{"embeddable":true,"href":"https:\/\/v4.santaficha.com.br\/index.php\/wp-json\/wp\/v2\/comments?post=275"}],"version-history":[{"count":26,"href":"https:\/\/v4.santaficha.com.br\/index.php\/wp-json\/wp\/v2\/pages\/275\/revisions"}],"predecessor-version":[{"id":533,"href":"https:\/\/v4.santaficha.com.br\/index.php\/wp-json\/wp\/v2\/pages\/275\/revisions\/533"}],"wp:attachment":[{"href":"https:\/\/v4.santaficha.com.br\/index.php\/wp-json\/wp\/v2\/media?parent=275"}],"curies":[{"name":"wp","href":"https:\/\/api.w.org\/{rel}","templated":true}]}}