{"id":3,"date":"2025-11-06T20:00:10","date_gmt":"2025-11-06T20:00:10","guid":{"rendered":"https:\/\/hub.hub.v4.santaficha.com.br\/?page_id=3"},"modified":"2026-01-30T18:40:59","modified_gmt":"2026-01-30T18:40:59","slug":"privacy-policy","status":"publish","type":"page","link":"https:\/\/v4.santaficha.com.br\/index.php\/privacy-policy\/","title":{"rendered":"Pol\u00edtica de privacidade para Santa Ficha"},"content":{"rendered":"\t\t<div data-elementor-type=\"wp-page\" data-elementor-id=\"3\" class=\"elementor elementor-3\" data-elementor-post-type=\"page\">\n\t\t\t\t<div class=\"elementor-element elementor-element-4e73d0db e-flex e-con-boxed e-con e-parent\" data-id=\"4e73d0db\" data-element_type=\"container\" data-e-type=\"container\">\n\t\t\t\t\t<div class=\"e-con-inner\">\n\t\t\t\t<div class=\"elementor-element elementor-element-133fccbd elementor-widget elementor-widget-text-editor\" data-id=\"133fccbd\" data-element_type=\"widget\" data-e-type=\"widget\" data-widget_type=\"text-editor.default\">\n\t\t\t\t\t\t\t\t\t\n<h1 class=\"wp-block-heading\"><\/h1>\n<p>Todas as suas informa\u00e7\u00f5es pessoais recolhidas, ser\u00e3o usadas para o ajudar a tornar a sua visita no nosso site e autiliza\u00e7\u00e3o de nossos aplicativos o mais produtiva e agrad\u00e1vel poss\u00edvel.<\/p>\n<h1 class=\"wp-block-heading\"><\/h1>\n<p>A garantia da confidencialidade dos dados pessoais dos utilizadores de nossos sistemas \u00e9 importante para Santa Ficha.<\/p>\n<h1 class=\"wp-block-heading\"><\/h1>\n<p>Todas as informa\u00e7\u00f5es pessoais relativas a membros, assinantes, clientes ou visitantes que usem o Santa Ficha ser\u00e3o tratadas em concord\u00e2ncia com a Lei da Prote\u00e7\u00e3o de Dados Pessoais de 26 de outubro de 1998 (Lei n.\u00ba67\/98).<\/p>\n<h1 class=\"wp-block-heading\"><\/h1>\n<p>A informa\u00e7\u00e3o pessoal recolhida pode incluir o seu nome, e-mail, n\u00famero de telefone e\/ou telem\u00f3vel, morada, data de nascimento e\/ou outros.<\/p>\n<h1 class=\"wp-block-heading\"><\/h1>\n<p>O uso do Santa Ficha pressup\u00f5e a aceita\u00e7\u00e3o deste Acordo de privacidade. A equipe do Santa Ficha reserva-se ao direito de alterar este acordo sem aviso pr\u00e9vio. Deste modo, recomendamos que consulte a nossa pol\u00edtica de privacidade com regularidade de forma a estar sempre atualizado.<\/p>\n<p>\u00a0<\/p>\n<p><strong>COOKIES<\/strong><\/p>\n<h1 class=\"wp-block-heading\"><\/h1>\n<h1 class=\"wp-block-heading\"><\/h1>\n<p>Utilizamos cookies para armazenar informa\u00e7\u00e3o apenas em nosso website, n\u00e3o o utilizando em nossos aplicativos, tais como as suas prefer\u00eancias pessoas quando visita o nosso website.<\/p>\n<h1 class=\"wp-block-heading\"><\/h1>\n<p>Voc\u00ea det\u00e9m o poder de desligar os seus cookies, nas op\u00e7\u00f5es do seu browser, ou efetuando altera\u00e7\u00f5es nas ferramentas de programas Anti-Virus, como o Norton Internet Security. No entanto, isso poder\u00e1 alterar a forma como interage com o nosso website, ou outros websites. Isso poder\u00e1 afetar ou n\u00e3o permitir que fa\u00e7a logins em programas, sites ou f\u00f3runs da nossa e de outras redes.<\/p>\n<p>\u00a0<\/p>\n<p><strong>APLICATIVOS<\/strong><\/p>\n<h1 class=\"wp-block-heading\"><\/h1>\n<h1 class=\"wp-block-heading\"><\/h1>\n<p>A Santa Ficha se utiliza de rotinas de terceiros em suas aplica\u00e7\u00f5es que permitem seu pleno funcionamento. Essas rotinas possuem pol\u00edticas de privacidade pr\u00f3prias, com livre altera\u00e7\u00e3o pelos nossos parceiros. A Santa Ficha se compromete manter suas aplica\u00e7\u00f5es dentro das regras de privacidade destes parceiros.<\/p>\n<h1 class=\"wp-block-heading\"><\/h1>\n<p>Todos os dados coletados por nossos aplicativos possuir\u00e3o livre acesso aos seus donos, sendo compartilhado com parceiros apenas os necess\u00e1rios a execu\u00e7\u00e3o de suas respectivas rotinas, a exemplo, o valor de compra ao m\u00f3dulo de pagamentos via cart\u00e3o. N\u00e3o haver\u00e1 nenhum outro caso de repasse de informa\u00e7\u00f5es \u00e0 terceiros e a Santa se disp\u00f5e a manter e melhorar as pol\u00edticas de seguran\u00e7a para evitar vazamentos.<\/p>\n<p>\u00a0<\/p>\n<p><strong>INFORMA\u00c7\u00d5ES PARA CONTATO<\/strong><\/p>\n<h1 class=\"wp-block-heading\"><\/h1>\n<h1 class=\"wp-block-heading\"><\/h1>\n<p>Caso esta p\u00e1gina n\u00e3o tenha sanado a todas as suas d\u00favidas e voc\u00ea precise de informa\u00e7\u00f5es adicionais sobre a nossa pol\u00edtica de privacidade, por favor entre em contato com:<\/p>\n<h1 class=\"wp-block-heading\"><\/h1>\n<p>por e-mail: contato@hub.hub.v4.santaficha.com.br<\/p>\n\t\t\t\t\t\t\t\t<\/div>\n\t\t\t\t\t<\/div>\n\t\t\t\t<\/div>\n\t\t\t\t<\/div>\n\t\t","protected":false},"excerpt":{"rendered":"<p>Todas as suas informa\u00e7\u00f5es pessoais recolhidas, ser\u00e3o usadas para o ajudar a tornar a sua visita no nosso site e autiliza\u00e7\u00e3o de nossos aplicativos o mais produtiva e agrad\u00e1vel poss\u00edvel. A garantia da confidencialidade dos dados pessoais dos utilizadores de nossos sistemas \u00e9 importante para Santa Ficha. Todas as informa\u00e7\u00f5es pessoais relativas a membros, assinantes, [&hellip;]<\/p>\n","protected":false},"author":1,"featured_media":0,"parent":0,"menu_order":0,"comment_status":"closed","ping_status":"closed","template":"","meta":{"footnotes":""},"class_list":["post-3","page","type-page","status-publish","hentry"],"yoast_head":"<!-- This site is optimized with the Yoast SEO plugin v27.4 - https:\/\/yoast.com\/product\/yoast-seo-wordpress\/ -->\n<title>Pol\u00edtica de privacidade para Santa Ficha - Santa Ficha<\/title>\n<meta name=\"robots\" content=\"index, follow, max-snippet:-1, max-image-preview:large, max-video-preview:-1\" \/>\n<link rel=\"canonical\" href=\"https:\/\/v4.santaficha.com.br\/index.php\/privacy-policy\/\" \/>\n<meta property=\"og:locale\" content=\"pt_BR\" \/>\n<meta property=\"og:type\" content=\"article\" \/>\n<meta property=\"og:title\" content=\"Pol\u00edtica de privacidade para Santa Ficha - Santa Ficha\" \/>\n<meta property=\"og:description\" content=\"Todas as suas informa\u00e7\u00f5es pessoais recolhidas, ser\u00e3o usadas para o ajudar a tornar a sua visita no nosso site e autiliza\u00e7\u00e3o de nossos aplicativos o mais produtiva e agrad\u00e1vel poss\u00edvel. A garantia da confidencialidade dos dados pessoais dos utilizadores de nossos sistemas \u00e9 importante para Santa Ficha. Todas as informa\u00e7\u00f5es pessoais relativas a membros, assinantes, [&hellip;]\" \/>\n<meta property=\"og:url\" content=\"https:\/\/v4.santaficha.com.br\/index.php\/privacy-policy\/\" \/>\n<meta property=\"og:site_name\" content=\"Santa Ficha\" \/>\n<meta property=\"article:modified_time\" content=\"2026-01-30T18:40:59+00:00\" \/>\n<meta name=\"twitter:card\" content=\"summary_large_image\" \/>\n<meta name=\"twitter:label1\" content=\"Est. tempo de leitura\" \/>\n\t<meta name=\"twitter:data1\" content=\"3 minutos\" \/>\n<script type=\"application\/ld+json\" class=\"yoast-schema-graph\">{\"@context\":\"https:\\\/\\\/schema.org\",\"@graph\":[{\"@type\":\"WebPage\",\"@id\":\"https:\\\/\\\/v4.santaficha.com.br\\\/index.php\\\/privacy-policy\\\/\",\"url\":\"https:\\\/\\\/v4.santaficha.com.br\\\/index.php\\\/privacy-policy\\\/\",\"name\":\"Pol\u00edtica de privacidade para Santa Ficha - Santa Ficha\",\"isPartOf\":{\"@id\":\"https:\\\/\\\/v4.santaficha.com.br\\\/#website\"},\"datePublished\":\"2025-11-06T20:00:10+00:00\",\"dateModified\":\"2026-01-30T18:40:59+00:00\",\"breadcrumb\":{\"@id\":\"https:\\\/\\\/v4.santaficha.com.br\\\/index.php\\\/privacy-policy\\\/#breadcrumb\"},\"inLanguage\":\"pt-BR\",\"potentialAction\":[{\"@type\":\"ReadAction\",\"target\":[\"https:\\\/\\\/v4.santaficha.com.br\\\/index.php\\\/privacy-policy\\\/\"]}]},{\"@type\":\"BreadcrumbList\",\"@id\":\"https:\\\/\\\/v4.santaficha.com.br\\\/index.php\\\/privacy-policy\\\/#breadcrumb\",\"itemListElement\":[{\"@type\":\"ListItem\",\"position\":1,\"name\":\"In\u00edcio\",\"item\":\"https:\\\/\\\/v4.santaficha.com.br\\\/\"},{\"@type\":\"ListItem\",\"position\":2,\"name\":\"Pol\u00edtica de privacidade para Santa Ficha\"}]},{\"@type\":\"WebSite\",\"@id\":\"https:\\\/\\\/v4.santaficha.com.br\\\/#website\",\"url\":\"https:\\\/\\\/v4.santaficha.com.br\\\/\",\"name\":\"Santa Ficha\",\"description\":\"Controle de Ficha Eventos \u2014 Emiss\u00e3o de fichas r\u00e1pida e gest\u00e3o otimizada com TEF dedicado para estabilidade total.\",\"potentialAction\":[{\"@type\":\"SearchAction\",\"target\":{\"@type\":\"EntryPoint\",\"urlTemplate\":\"https:\\\/\\\/v4.santaficha.com.br\\\/?s={search_term_string}\"},\"query-input\":{\"@type\":\"PropertyValueSpecification\",\"valueRequired\":true,\"valueName\":\"search_term_string\"}}],\"inLanguage\":\"pt-BR\"}]}<\/script>\n<!-- \/ Yoast SEO plugin. -->","yoast_head_json":{"title":"Pol\u00edtica de privacidade para Santa Ficha - Santa Ficha","robots":{"index":"index","follow":"follow","max-snippet":"max-snippet:-1","max-image-preview":"max-image-preview:large","max-video-preview":"max-video-preview:-1"},"canonical":"https:\/\/v4.santaficha.com.br\/index.php\/privacy-policy\/","og_locale":"pt_BR","og_type":"article","og_title":"Pol\u00edtica de privacidade para Santa Ficha - Santa Ficha","og_description":"Todas as suas informa\u00e7\u00f5es pessoais recolhidas, ser\u00e3o usadas para o ajudar a tornar a sua visita no nosso site e autiliza\u00e7\u00e3o de nossos aplicativos o mais produtiva e agrad\u00e1vel poss\u00edvel. A garantia da confidencialidade dos dados pessoais dos utilizadores de nossos sistemas \u00e9 importante para Santa Ficha. Todas as informa\u00e7\u00f5es pessoais relativas a membros, assinantes, [&hellip;]","og_url":"https:\/\/v4.santaficha.com.br\/index.php\/privacy-policy\/","og_site_name":"Santa Ficha","article_modified_time":"2026-01-30T18:40:59+00:00","twitter_card":"summary_large_image","twitter_misc":{"Est. tempo de leitura":"3 minutos"},"schema":{"@context":"https:\/\/schema.org","@graph":[{"@type":"WebPage","@id":"https:\/\/v4.santaficha.com.br\/index.php\/privacy-policy\/","url":"https:\/\/v4.santaficha.com.br\/index.php\/privacy-policy\/","name":"Pol\u00edtica de privacidade para Santa Ficha - Santa Ficha","isPartOf":{"@id":"https:\/\/v4.santaficha.com.br\/#website"},"datePublished":"2025-11-06T20:00:10+00:00","dateModified":"2026-01-30T18:40:59+00:00","breadcrumb":{"@id":"https:\/\/v4.santaficha.com.br\/index.php\/privacy-policy\/#breadcrumb"},"inLanguage":"pt-BR","potentialAction":[{"@type":"ReadAction","target":["https:\/\/v4.santaficha.com.br\/index.php\/privacy-policy\/"]}]},{"@type":"BreadcrumbList","@id":"https:\/\/v4.santaficha.com.br\/index.php\/privacy-policy\/#breadcrumb","itemListElement":[{"@type":"ListItem","position":1,"name":"In\u00edcio","item":"https:\/\/v4.santaficha.com.br\/"},{"@type":"ListItem","position":2,"name":"Pol\u00edtica de privacidade para Santa Ficha"}]},{"@type":"WebSite","@id":"https:\/\/v4.santaficha.com.br\/#website","url":"https:\/\/v4.santaficha.com.br\/","name":"Santa Ficha","description":"Controle de Ficha Eventos \u2014 Emiss\u00e3o de fichas r\u00e1pida e gest\u00e3o otimizada com TEF dedicado para estabilidade total.","potentialAction":[{"@type":"SearchAction","target":{"@type":"EntryPoint","urlTemplate":"https:\/\/v4.santaficha.com.br\/?s={search_term_string}"},"query-input":{"@type":"PropertyValueSpecification","valueRequired":true,"valueName":"search_term_string"}}],"inLanguage":"pt-BR"}]}},"_links":{"self":[{"href":"https:\/\/v4.santaficha.com.br\/index.php\/wp-json\/wp\/v2\/pages\/3","targetHints":{"allow":["GET"]}}],"collection":[{"href":"https:\/\/v4.santaficha.com.br\/index.php\/wp-json\/wp\/v2\/pages"}],"about":[{"href":"https:\/\/v4.santaficha.com.br\/index.php\/wp-json\/wp\/v2\/types\/page"}],"author":[{"embeddable":true,"href":"https:\/\/v4.santaficha.com.br\/index.php\/wp-json\/wp\/v2\/users\/1"}],"replies":[{"embeddable":true,"href":"https:\/\/v4.santaficha.com.br\/index.php\/wp-json\/wp\/v2\/comments?post=3"}],"version-history":[{"count":7,"href":"https:\/\/v4.santaficha.com.br\/index.php\/wp-json\/wp\/v2\/pages\/3\/revisions"}],"predecessor-version":[{"id":466,"href":"https:\/\/v4.santaficha.com.br\/index.php\/wp-json\/wp\/v2\/pages\/3\/revisions\/466"}],"wp:attachment":[{"href":"https:\/\/v4.santaficha.com.br\/index.php\/wp-json\/wp\/v2\/media?parent=3"}],"curies":[{"name":"wp","href":"https:\/\/api.w.org\/{rel}","templated":true}]}}